{"id":11819,"date":"2021-01-07T10:06:39","date_gmt":"2021-01-07T09:06:39","guid":{"rendered":"https:\/\/life-repolyuse.com\/?page_id=11819"},"modified":"2021-03-29T12:52:20","modified_gmt":"2021-03-29T10:52:20","slug":"multimedia","status":"publish","type":"page","link":"https:\/\/life-repolyuse.com\/en\/multimedia\/","title":{"rendered":"Multimedia"},"content":{"rendered":"<h2>Media<\/h2>\n<p>&nbsp;<\/p>\n<p><iframe loading=\"lazy\" title=\"RINC\u00d3N EUROPEO. Sara Guti\u00e9rrez Gonz\u00e1lez (Universidad de Burgos)\" width=\"1200\" height=\"675\" src=\"https:\/\/www.youtube.com\/embed\/WODulJ68_qk?feature=oembed&amp;wmode=opaque&amp;showinfo=0\" style=\"border: none\" allow=\"accelerometer; autoplay; clipboard-write; encrypted-media; gyroscope; picture-in-picture\" allowfullscreen><\/iframe><\/p>\n<p>&nbsp;<\/p>\n<p><iframe loading=\"lazy\" title=\"Life Repolyuse: NEW MATERIALS THAT SUSTAIN THE WORLD\" width=\"1200\" height=\"675\" src=\"https:\/\/www.youtube.com\/embed\/f7wlCfoDv18?feature=oembed&amp;wmode=opaque&amp;showinfo=0\" style=\"border: none\" allow=\"accelerometer; autoplay; clipboard-write; encrypted-media; gyroscope; picture-in-picture\" allowfullscreen><\/iframe><\/p>\n<p>&nbsp;<\/p>\n<p>&nbsp;<\/p>\n<p><iframe loading=\"lazy\" title=\"Dr.  Sara Guti\u00e9rrez Gonz\u00e1lez , University of Burgos, Spain | Online Summit on RWM | January 21, 2021\" width=\"1200\" height=\"675\" src=\"https:\/\/www.youtube.com\/embed\/PA7m9WdKTQ4?start=180&#038;feature=oembed&amp;wmode=opaque&amp;showinfo=0\" style=\"border: none\" allow=\"accelerometer; autoplay; clipboard-write; encrypted-media; gyroscope; picture-in-picture\" allowfullscreen><\/iframe><\/p>\n<p>&nbsp;<\/p>\n<p>&nbsp;<\/p>\n<p><iframe loading=\"lazy\" title=\"IDEAS TO BALANCE THE WORLD Life REPOLYUSE\" width=\"1200\" height=\"675\" src=\"https:\/\/www.youtube.com\/embed\/KIKOmWB6tmw?feature=oembed&amp;wmode=opaque&amp;showinfo=0\" style=\"border: none\" allow=\"accelerometer; autoplay; clipboard-write; encrypted-media; gyroscope; picture-in-picture\" allowfullscreen><\/iframe><\/p>\n<p>&nbsp;<\/p>\n<p>&nbsp;<\/p>\n<p><iframe loading=\"lazy\" title=\"LIFE- REPOLYUSE Christmas\" width=\"1200\" height=\"675\" src=\"https:\/\/www.youtube.com\/embed\/mUj5qfSX7Eg?feature=oembed&amp;wmode=opaque&amp;showinfo=0\" style=\"border: none\" allow=\"accelerometer; autoplay; clipboard-write; encrypted-media; gyroscope; picture-in-picture\" allowfullscreen><\/iframe><\/p>\n<p>&nbsp;<\/p>\n<p>Carlos Junco &#8211; Life Repolyuse &#8211; Hoy por hoy Burgos. Cadena Ser 23-09-2020<\/p>\n<!--[if lt IE 9]><script>document.createElement('audio');<\/script><![endif]-->\n<audio class=\"wp-audio-shortcode\" id=\"audio-11819-1\" preload=\"none\" style=\"width: 100%;\" controls=\"controls\"><source type=\"audio\/mpeg\" src=\"https:\/\/life-repolyuse.com\/wp-content\/uploads\/Carlos-Junco-Life-Repolyuse-Hoy-por-hoy-Burgos.-Cadena-Ser-23-09-2020.mp3?_=1\" \/><a href=\"https:\/\/life-repolyuse.com\/wp-content\/uploads\/Carlos-Junco-Life-Repolyuse-Hoy-por-hoy-Burgos.-Cadena-Ser-23-09-2020.mp3\">https:\/\/life-repolyuse.com\/wp-content\/uploads\/Carlos-Junco-Life-Repolyuse-Hoy-por-hoy-Burgos.-Cadena-Ser-23-09-2020.mp3<\/a><\/audio>\n<p>&nbsp;<\/p>\n<p>&nbsp;<\/p>\n<p><iframe loading=\"lazy\" title=\"Life Repolyuse (English version)\" width=\"1200\" height=\"675\" src=\"https:\/\/www.youtube.com\/embed\/lNdnOA-BSPs?feature=oembed&amp;wmode=opaque&amp;showinfo=0\" style=\"border: none\" allow=\"accelerometer; autoplay; clipboard-write; encrypted-media; gyroscope; picture-in-picture\" allowfullscreen><\/iframe><\/p>\n<p>&nbsp;<\/p>\n<p>&nbsp;<\/p>\n<div style=\"width: 1200px;\" class=\"wp-video\"><!--[if lt IE 9]><script>document.createElement('video');<\/script><![endif]-->\n<video class=\"wp-video-shortcode\" id=\"video-11819-1\" width=\"1200\" height=\"675\" preload=\"metadata\" controls=\"controls\"><source type=\"video\/mp4\" src=\"https:\/\/life-repolyuse.com\/wp-content\/uploads\/V\u00eddeo-teaser-del-evento-24-de-septiembre.mp4?_=1\" \/><a href=\"https:\/\/life-repolyuse.com\/wp-content\/uploads\/V\u00eddeo-teaser-del-evento-24-de-septiembre.mp4\">https:\/\/life-repolyuse.com\/wp-content\/uploads\/V\u00eddeo-teaser-del-evento-24-de-septiembre.mp4<\/a><\/video><\/div>\n<p>&nbsp;<\/p>\n<p>&nbsp;<\/p>\n<p><iframe loading=\"lazy\" src=\"https:\/\/player.vimeo.com\/video\/427479696?dnt=1&amp;app_id=122963\" width=\"1200\" height=\"675\" style=\"border: none\" allow=\"autoplay; fullscreen; picture-in-picture\" allowfullscreen><\/iframe><\/p>\n<p><iframe loading=\"lazy\" title=\"Integraci\u00f3n de residuos en nuevos materiales | El concepto | CIEN&amp;CIA 2x01\" width=\"1200\" height=\"675\" src=\"https:\/\/www.youtube.com\/embed\/MHUSHivc2ok?feature=oembed&amp;wmode=opaque&amp;showinfo=0\" style=\"border: none\" allow=\"accelerometer; autoplay; clipboard-write; encrypted-media; gyroscope; picture-in-picture\" allowfullscreen><\/iframe><\/p>\n<p>&nbsp;<\/p>\n<p><iframe loading=\"lazy\" title=\"Proyecto LIFE-REPOLYUSE. Universidad de Burgos\" width=\"1200\" height=\"675\" src=\"https:\/\/www.youtube.com\/embed\/_JjbP85GTec?feature=oembed&amp;wmode=opaque&amp;showinfo=0\" style=\"border: none\" allow=\"accelerometer; autoplay; clipboard-write; encrypted-media; gyroscope; picture-in-picture\" allowfullscreen><\/iframe><\/p>\n<p>&nbsp;<\/p>\n<p>Sara Gutierrez &#8211; Life Repolyuse &#8211; Ecos de la Universidad nacional de Mar de Plata (Argentina).<\/p>\n<audio class=\"wp-audio-shortcode\" id=\"audio-11819-2\" preload=\"none\" style=\"width: 100%;\" controls=\"controls\"><source type=\"audio\/mpeg\" src=\"https:\/\/life-repolyuse.com\/wp-content\/uploads\/Sara-Gutierrez-Life-Ripolyus-180324-11-39.mp3?_=2\" \/><a href=\"https:\/\/life-repolyuse.com\/wp-content\/uploads\/Sara-Gutierrez-Life-Ripolyus-180324-11-39.mp3\">https:\/\/life-repolyuse.com\/wp-content\/uploads\/Sara-Gutierrez-Life-Ripolyus-180324-11-39.mp3<\/a><\/audio>\n<p>&nbsp;<\/p>\n","protected":false},"excerpt":{"rendered":"<p>Media &nbsp; &nbsp; &nbsp; &nbsp; &nbsp; &nbsp; &nbsp; &nbsp; &nbsp; Carlos Junco &#8211; Life Repolyuse &#8211; Hoy por hoy Burgos. Cadena Ser 23-09-2020 &nbsp; &nbsp; &nbsp; &nbsp; &nbsp; &nbsp; &nbsp; &nbsp; Sara Gutierrez &#8211; Life Repolyuse &#8211; Ecos de la Universidad nacional de Mar de Plata (Argentina). &nbsp;<\/p>\n","protected":false},"author":1,"featured_media":0,"parent":0,"menu_order":0,"comment_status":"closed","ping_status":"closed","template":"","meta":{"_bbp_topic_count":0,"_bbp_reply_count":0,"_bbp_total_topic_count":0,"_bbp_total_reply_count":0,"_bbp_voice_count":0,"_bbp_anonymous_reply_count":0,"_bbp_topic_count_hidden":0,"_bbp_reply_count_hidden":0,"_bbp_forum_subforum_count":0,"footnotes":""},"class_list":["post-11819","page","type-page","status-publish","hentry"],"_links":{"self":[{"href":"https:\/\/life-repolyuse.com\/en\/wp-json\/wp\/v2\/pages\/11819\/"}],"collection":[{"href":"https:\/\/life-repolyuse.com\/en\/wp-json\/wp\/v2\/pages\/"}],"about":[{"href":"https:\/\/life-repolyuse.com\/en\/wp-json\/wp\/v2\/types\/page\/"}],"author":[{"embeddable":true,"href":"https:\/\/life-repolyuse.com\/en\/wp-json\/wp\/v2\/users\/1\/"}],"replies":[{"embeddable":true,"href":"https:\/\/life-repolyuse.com\/en\/wp-json\/wp\/v2\/comments\/?post=11819"}],"version-history":[{"count":6,"href":"https:\/\/life-repolyuse.com\/en\/wp-json\/wp\/v2\/pages\/11819\/revisions\/"}],"predecessor-version":[{"id":12072,"href":"https:\/\/life-repolyuse.com\/en\/wp-json\/wp\/v2\/pages\/11819\/revisions\/12072\/"}],"wp:attachment":[{"href":"https:\/\/life-repolyuse.com\/en\/wp-json\/wp\/v2\/media\/?parent=11819"}],"curies":[{"name":"wp","href":"https:\/\/api.w.org\/{rel}","templated":true}]}}