{"id":10223,"date":"2018-02-09T23:54:34","date_gmt":"2018-02-09T23:54:34","guid":{"rendered":"http:\/\/life-repolyuse.com\/?page_id=10223"},"modified":"2020-12-09T10:13:56","modified_gmt":"2020-12-09T09:13:56","slug":"publications","status":"publish","type":"page","link":"https:\/\/life-repolyuse.com\/en\/publications\/","title":{"rendered":"Publications"},"content":{"rendered":"<p><img decoding=\"async\" class=\"life-img-main\" src=\"https:\/\/life-repolyuse.com\/wp-content\/uploads\/life-repolyuse-publications.jpg\" \/><\/p>\n<ul>\n<li>Guti\u00e9rrez, S., Junco, C., Calder\u00f3n, V., Rodr\u00edguez , A., Gadea, J. &#8220;<a href=\"\/wp-content\/uploads\/Design-and-Manufacture-of-a-Sustainable-Lightweight-Prefabricated-Material-Based-on-Gypsum-Mortar-with-Semi-Rigid-Polyurethane-Foam-Waste-1.pdf\"><strong>Design and Manufacture of a sustainable Lightweight Prefabricated Material Based on Gypsum Mortar with semi-Rigid Polyurethane Foam Waste<\/strong><\/a>&#8220;. International Congress on Polymers in Concrete (ICPIC 2018) M.M.Reda Taha (ed.), (2018). \/(pp. 449-455). ISBN: 978-3-319-78174-7<\/li>\n<li>Ra\u00fal G\u00f3mez-Rojo, Lourdes Alameda, \u00c1ngel Rodr\u00edguez, Ver\u00f3nica Calder\u00f3n and Sara Guti\u00e9rrez-Gonz\u00e1lez. <strong><a href=\"https:\/\/life-repolyuse.com\/wp-content\/uploads\/Characterization-of-Polyurethane-Foam-Waste-for-Reuse-in-Eco-Efficient-Building-Materials..pdf\">Characterization of Polyurethane Foam Waste for Reuse in Eco-Efficient Building Materials<\/a><\/strong>. Polymers 2019, 11, 359; doi:10.3390\/polym11020359<\/li>\n<li>Life-Repolyuse.\u00a0<a href=\"https:\/\/life-repolyuse.com\/wp-content\/uploads\/proyecto-REPOLYUSE-AVEP124.pdf\" target=\"_blank\" rel=\"noopener noreferrer\"><b>El poliuretano es el futuro de la construcci\u00f3n sostenible<\/b><\/a>.\u00a0AVEP, N\u00ba124, octubre 2020. (pag. 36-38) D.L. V-3218-1989<u><\/u>\u00a0&#8211;<\/li>\n<\/ul>\n","protected":false},"excerpt":{"rendered":"<p>Guti\u00e9rrez, S., Junco, C., Calder\u00f3n, V., Rodr\u00edguez , A., Gadea, J. &#8220;Design and Manufacture of a sustainable Lightweight Prefabricated Material Based on Gypsum Mortar with semi-Rigid Polyurethane Foam Waste&#8220;. International Congress on Polymers in Concrete (ICPIC 2018) M.M.Reda Taha (ed.), (2018). \/(pp. 449-455). ISBN: 978-3-319-78174-7 Ra\u00fal G\u00f3mez-Rojo, Lourdes Alameda, \u00c1ngel Rodr\u00edguez, Ver\u00f3nica Calder\u00f3n and Sara Guti\u00e9rrez-Gonz\u00e1lez. Characterization of Polyurethane Foam [&hellip;]<\/p>\n","protected":false},"author":1,"featured_media":10170,"parent":0,"menu_order":0,"comment_status":"closed","ping_status":"closed","template":"","meta":{"_bbp_topic_count":0,"_bbp_reply_count":0,"_bbp_total_topic_count":0,"_bbp_total_reply_count":0,"_bbp_voice_count":0,"_bbp_anonymous_reply_count":0,"_bbp_topic_count_hidden":0,"_bbp_reply_count_hidden":0,"_bbp_forum_subforum_count":0,"footnotes":""},"class_list":["post-10223","page","type-page","status-publish","has-post-thumbnail","hentry"],"_links":{"self":[{"href":"https:\/\/life-repolyuse.com\/en\/wp-json\/wp\/v2\/pages\/10223\/"}],"collection":[{"href":"https:\/\/life-repolyuse.com\/en\/wp-json\/wp\/v2\/pages\/"}],"about":[{"href":"https:\/\/life-repolyuse.com\/en\/wp-json\/wp\/v2\/types\/page\/"}],"author":[{"embeddable":true,"href":"https:\/\/life-repolyuse.com\/en\/wp-json\/wp\/v2\/users\/1\/"}],"replies":[{"embeddable":true,"href":"https:\/\/life-repolyuse.com\/en\/wp-json\/wp\/v2\/comments\/?post=10223"}],"version-history":[{"count":5,"href":"https:\/\/life-repolyuse.com\/en\/wp-json\/wp\/v2\/pages\/10223\/revisions\/"}],"predecessor-version":[{"id":11797,"href":"https:\/\/life-repolyuse.com\/en\/wp-json\/wp\/v2\/pages\/10223\/revisions\/11797\/"}],"wp:featuredmedia":[{"embeddable":true,"href":"https:\/\/life-repolyuse.com\/en\/wp-json\/wp\/v2\/media\/10170\/"}],"wp:attachment":[{"href":"https:\/\/life-repolyuse.com\/en\/wp-json\/wp\/v2\/media\/?parent=10223"}],"curies":[{"name":"wp","href":"https:\/\/api.w.org\/{rel}","templated":true}]}}